{"id":3364,"date":"2026-04-02T08:21:49","date_gmt":"2026-04-02T06:21:49","guid":{"rendered":"http:\/\/www.quartierrouge.org\/?page_id=3364"},"modified":"2026-04-02T17:21:27","modified_gmt":"2026-04-02T15:21:27","slug":"actualite-octobre","status":"publish","type":"page","link":"http:\/\/archives.quartierrouge.org\/","title":{"rendered":""},"content":{"rendered":"<h4><span style=\"color: #ff0000;\"><strong>PEUPLER L&rsquo;ORDINAIRE<\/strong><\/span><br \/>\n<strong>VINGT ANS DE PROJETS EXPOS\u00c9S<\/strong><\/h4>\n<hr \/>\n<h4><strong>RENCONTRE\/PERMANENCE<\/strong><br \/>\n<span style=\"color: #ff0000;\"><strong>MARDI 7 AVRIL 2026 DE 10H30 \u00c0 13H30<\/strong><\/span><br \/>\n<strong>LE GRAND CAF\u00c9 \u2014 FELLETIN<\/strong><\/h4>\n<div><\/div>\n<div>\n<div>\n<div><img loading=\"lazy\" decoding=\"async\" class=\"alignleft\" src=\"https:\/\/mcusercontent.com\/5fdeda27d4b4cca9f974110c6\/_compresseds\/a3b0433d-24d0-b303-3aa2-652cb7cfc0ef.jpg\" width=\"350\" height=\"500\" data-file-id=\"14699489\" \/>D\u00e9but avril, nous collons les nouvelles affiches de la collection\u00a0<strong>2006 \u00e0 2026 : vingt ans de projets expos\u00e9s<\/strong>. Deuxi\u00e8me \u00e9tape d\u2019un parcours qui propose de d\u00e9couvrir, tous les mois, une trace de notre histoire. Chaque mois un partage de nos archives vous sera propos\u00e9 dans diff\u00e9rents espaces de la ville de Felletin sous la forme d\u2019affiches. Une mani\u00e8re pour nous d\u2019exposer notre travail, pour mieux donner \u00e0 voir et comprendre ce que nous faisons, mais aussi pour questionner ce qu\u2019il serait possible d\u2019imaginer et de faire avec les personnes qui habitent le territoire aujourd\u2019hui.<\/div>\n<div><\/div>\n<div>Pour accompagner ces affiches et les faire parler autrement que par le texte, nous tenons de permanences \u00e0 certains moments d\u00e9di\u00e9s de l\u2019ann\u00e9e. Si vous \u00eates curieux\u00b7es du projet rem\u00e9mor\u00e9 ou plus g\u00e9n\u00e9ralement de notre association, si vous avez particip\u00e9 de l\u2019aventure et vous avez des souvenirs\/remarques \u00e0 nous partager ou que le sujet \u00e9voqu\u00e9 suscite en vous de nouvelles envies, venez-nous en faire part ! Vous pouvez aussi nous \u00e9crire \u00e0\u00a0<a href=\"mailto:info@quartierrouge.org?subject=vingt%20ans%20de%20quartier%20rouge\" target=\"_blank\" rel=\"noopener\">info@quartierrouge.org<\/a>.<\/div>\n<div><\/div>\n<div><\/div>\n<div><span style=\"color: #ff0000;\"><strong>CALENDRIER DES PERMANENCES\u00a0<\/strong><\/span><br \/>\n<strong>Grand caf\u00e9 les mardis matin de 10h30 \u00e0 13h30\u00a0<\/strong><br \/>\nLes mardis &gt;\u00a07 avril,\u00a02 juin, et 6 octobre 2026<br \/>\n<strong>M\u00e9diath\u00e8que les vendredis matin 9h30 \u00e0 12h30<\/strong><br \/>\nLes vendredis &gt; 3 juillet, 4 septembre, 6 novembre 2026<\/div>\n<\/div>\n<\/div>\n<p>&nbsp;<\/p>\n<p>&nbsp;<\/p>\n<p>&nbsp;<\/p>\n<hr \/>\n<hr \/>\n<p>Plus d\u2019informations sur tous les \u00e9v\u00e9nements port\u00e9s par Quartier Rouge dans la page <strong><span style=\"color: #ff0000;\">Actualit\u00e9<\/span><\/strong><\/p>\n<hr \/>\n<p>Si vous souhaitez vous inscrire \u00e0 la News-Letter de Quartier Rouge, envoyez-nous un mail \u00e0 <a href=\"mailto:com@quartierrouge.org\" target=\"_blank\" rel=\"noopener\"><span style=\"color: #ff0000;\">com@quartierrouge.org<\/span><\/a><\/p>\n","protected":false},"excerpt":{"rendered":"<p>PEUPLER L&rsquo;ORDINAIRE VINGT ANS DE PROJETS EXPOS\u00c9S RENCONTRE\/PERMANENCE MARDI 7 AVRIL 2026 DE 10H30 \u00c0 13H30 LE GRAND CAF\u00c9 \u2014 FELLETIN D\u00e9but avril, nous collons les nouvelles affiches de la collection\u00a02006 \u00e0 2026 : vingt ans de projets expos\u00e9s. Deuxi\u00e8me \u00e9tape d\u2019un parcours qui propose de d\u00e9couvrir, tous les mois, une trace de notre histoire. [&hellip;]<\/p>\n","protected":false},"author":1,"featured_media":0,"parent":1541,"menu_order":0,"comment_status":"closed","ping_status":"closed","template":"","meta":{"footnotes":""},"class_list":["post-3364","page","type-page","status-publish","hentry"],"_links":{"self":[{"href":"http:\/\/archives.quartierrouge.org\/index.php?rest_route=\/wp\/v2\/pages\/3364","targetHints":{"allow":["GET"]}}],"collection":[{"href":"http:\/\/archives.quartierrouge.org\/index.php?rest_route=\/wp\/v2\/pages"}],"about":[{"href":"http:\/\/archives.quartierrouge.org\/index.php?rest_route=\/wp\/v2\/types\/page"}],"author":[{"embeddable":true,"href":"http:\/\/archives.quartierrouge.org\/index.php?rest_route=\/wp\/v2\/users\/1"}],"replies":[{"embeddable":true,"href":"http:\/\/archives.quartierrouge.org\/index.php?rest_route=%2Fwp%2Fv2%2Fcomments&post=3364"}],"version-history":[{"count":121,"href":"http:\/\/archives.quartierrouge.org\/index.php?rest_route=\/wp\/v2\/pages\/3364\/revisions"}],"predecessor-version":[{"id":4572,"href":"http:\/\/archives.quartierrouge.org\/index.php?rest_route=\/wp\/v2\/pages\/3364\/revisions\/4572"}],"up":[{"embeddable":true,"href":"http:\/\/archives.quartierrouge.org\/index.php?rest_route=\/wp\/v2\/pages\/1541"}],"wp:attachment":[{"href":"http:\/\/archives.quartierrouge.org\/index.php?rest_route=%2Fwp%2Fv2%2Fmedia&parent=3364"}],"curies":[{"name":"wp","href":"https:\/\/api.w.org\/{rel}","templated":true}]}}